{"id":28,"date":"2023-03-27T11:18:53","date_gmt":"2023-03-27T09:18:53","guid":{"rendered":"https:\/\/jeunepousse.be\/?page_id=28"},"modified":"2023-03-27T11:49:49","modified_gmt":"2023-03-27T09:49:49","slug":"jeune-po","status":"publish","type":"page","link":"https:\/\/jeunepousse.be\/","title":{"rendered":"Accueil"},"content":{"rendered":"\t\t<div data-elementor-type=\"wp-post\" data-elementor-id=\"28\" class=\"elementor elementor-28\">\n\t\t\t\t\t\t\t\t\t<section class=\"elementor-section elementor-top-section elementor-element elementor-element-b1b021b elementor-section-full_width elementor-section-height-min-height elementor-section-stretched elementor-section-height-default elementor-section-items-middle\" data-id=\"b1b021b\" data-element_type=\"section\" data-settings=\"{&quot;stretch_section&quot;:&quot;section-stretched&quot;}\">\n\t\t\t\t\t\t<div class=\"elementor-container elementor-column-gap-no\">\n\t\t\t\t\t<div class=\"elementor-column elementor-col-50 elementor-top-column elementor-element elementor-element-c91abad\" data-id=\"c91abad\" data-element_type=\"column\" data-settings=\"{&quot;background_background&quot;:&quot;classic&quot;}\">\n\t\t\t<div class=\"elementor-widget-wrap elementor-element-populated\">\n\t\t\t\t\t<div class=\"elementor-background-overlay\"><\/div>\n\t\t\t\t\t\t\t\t<div class=\"elementor-element elementor-element-0d8750b elementor-widget elementor-widget-image\" data-id=\"0d8750b\" data-element_type=\"widget\" data-widget_type=\"image.default\">\n\t\t\t\t<div class=\"elementor-widget-container\">\n\t\t\t<style>\/*! elementor - v3.12.2 - 23-04-2023 *\/\n.elementor-widget-image{text-align:center}.elementor-widget-image a{display:inline-block}.elementor-widget-image a img[src$=\".svg\"]{width:48px}.elementor-widget-image img{vertical-align:middle;display:inline-block}<\/style>\t\t\t\t\t\t\t\t\t\t\t\t\t<a href=\"https:\/\/psychomotricite.jeunepousse.be\/\">\n\t\t\t\t\t\t\t<img loading=\"lazy\" decoding=\"async\" width=\"785\" height=\"1024\" src=\"https:\/\/jeunepousse.be\/wp-content\/uploads\/2023\/03\/LOGOJEUNEPOUSSE_PS-1-785x1024.png\" class=\"attachment-large size-large wp-image-32\" alt=\"\" srcset=\"https:\/\/jeunepousse.be\/wp-content\/uploads\/2023\/03\/LOGOJEUNEPOUSSE_PS-1-785x1024.png 785w, https:\/\/jeunepousse.be\/wp-content\/uploads\/2023\/03\/LOGOJEUNEPOUSSE_PS-1-230x300.png 230w, https:\/\/jeunepousse.be\/wp-content\/uploads\/2023\/03\/LOGOJEUNEPOUSSE_PS-1-768x1002.png 768w, https:\/\/jeunepousse.be\/wp-content\/uploads\/2023\/03\/LOGOJEUNEPOUSSE_PS-1.png 965w\" sizes=\"auto, (max-width: 785px) 100vw, 785px\" \/>\t\t\t\t\t\t\t\t<\/a>\n\t\t\t\t\t\t\t\t\t\t\t\t\t\t\t<\/div>\n\t\t\t\t<\/div>\n\t\t\t\t<div class=\"elementor-element elementor-element-202ba56 elementor-widget elementor-widget-heading\" data-id=\"202ba56\" data-element_type=\"widget\" data-widget_type=\"heading.default\">\n\t\t\t\t<div class=\"elementor-widget-container\">\n\t\t\t<style>\/*! elementor - v3.12.2 - 23-04-2023 *\/\n.elementor-heading-title{padding:0;margin:0;line-height:1}.elementor-widget-heading .elementor-heading-title[class*=elementor-size-]>a{color:inherit;font-size:inherit;line-height:inherit}.elementor-widget-heading .elementor-heading-title.elementor-size-small{font-size:15px}.elementor-widget-heading .elementor-heading-title.elementor-size-medium{font-size:19px}.elementor-widget-heading .elementor-heading-title.elementor-size-large{font-size:29px}.elementor-widget-heading .elementor-heading-title.elementor-size-xl{font-size:39px}.elementor-widget-heading .elementor-heading-title.elementor-size-xxl{font-size:59px}<\/style><h2 class=\"elementor-heading-title elementor-size-default\"><a href=\"https:\/\/psychomotricite.jeunepousse.be\/\">Psychomotricit\u00e9<\/a><\/h2>\t\t<\/div>\n\t\t\t\t<\/div>\n\t\t\t\t\t<\/div>\n\t\t<\/div>\n\t\t\t\t<div class=\"elementor-column elementor-col-50 elementor-top-column elementor-element elementor-element-589d78f\" data-id=\"589d78f\" data-element_type=\"column\" data-settings=\"{&quot;background_background&quot;:&quot;classic&quot;}\">\n\t\t\t<div class=\"elementor-widget-wrap elementor-element-populated\">\n\t\t\t\t\t<div class=\"elementor-background-overlay\"><\/div>\n\t\t\t\t\t\t\t\t<div class=\"elementor-element elementor-element-fb4ab40 elementor-widget elementor-widget-image\" data-id=\"fb4ab40\" data-element_type=\"widget\" data-widget_type=\"image.default\">\n\t\t\t\t<div class=\"elementor-widget-container\">\n\t\t\t\t\t\t\t\t\t\t\t\t\t\t\t\t<a href=\"https:\/\/www.facebook.com\/jeunepoussemaraicher\/\">\n\t\t\t\t\t\t\t<img loading=\"lazy\" decoding=\"async\" width=\"800\" height=\"822\" src=\"https:\/\/jeunepousse.be\/wp-content\/uploads\/2023\/03\/LOGOJEUNEPOUSSE-997x1024.png\" class=\"attachment-large size-large wp-image-31\" alt=\"\" srcset=\"https:\/\/jeunepousse.be\/wp-content\/uploads\/2023\/03\/LOGOJEUNEPOUSSE-997x1024.png 997w, https:\/\/jeunepousse.be\/wp-content\/uploads\/2023\/03\/LOGOJEUNEPOUSSE-292x300.png 292w, https:\/\/jeunepousse.be\/wp-content\/uploads\/2023\/03\/LOGOJEUNEPOUSSE-768x789.png 768w, https:\/\/jeunepousse.be\/wp-content\/uploads\/2023\/03\/LOGOJEUNEPOUSSE.png 1342w\" sizes=\"auto, (max-width: 800px) 100vw, 800px\" \/>\t\t\t\t\t\t\t\t<\/a>\n\t\t\t\t\t\t\t\t\t\t\t\t\t\t\t<\/div>\n\t\t\t\t<\/div>\n\t\t\t\t<div class=\"elementor-element elementor-element-166abe6 elementor-widget elementor-widget-heading\" data-id=\"166abe6\" data-element_type=\"widget\" data-widget_type=\"heading.default\">\n\t\t\t\t<div class=\"elementor-widget-container\">\n\t\t\t<h2 class=\"elementor-heading-title elementor-size-default\"><a href=\"https:\/\/www.facebook.com\/jeunepoussemaraicher\/\">Maraicher<\/a><\/h2>\t\t<\/div>\n\t\t\t\t<\/div>\n\t\t\t\t\t<\/div>\n\t\t<\/div>\n\t\t\t\t\t\t\t<\/div>\n\t\t<\/section>\n\t\t\t\t<section class=\"elementor-section elementor-top-section elementor-element elementor-element-ba27fee elementor-section-content-middle elementor-section-boxed elementor-section-height-default elementor-section-height-default\" data-id=\"ba27fee\" data-element_type=\"section\" data-settings=\"{&quot;background_background&quot;:&quot;classic&quot;}\">\n\t\t\t\t\t\t<div class=\"elementor-container elementor-column-gap-default\">\n\t\t\t\t\t<div class=\"elementor-column elementor-col-100 elementor-top-column elementor-element elementor-element-32c5163\" data-id=\"32c5163\" data-element_type=\"column\">\n\t\t\t<div class=\"elementor-widget-wrap elementor-element-populated\">\n\t\t\t\t\t\t\t\t<div class=\"elementor-element elementor-element-4a76897 elementor-widget elementor-widget-text-editor\" data-id=\"4a76897\" data-element_type=\"widget\" data-widget_type=\"text-editor.default\">\n\t\t\t\t<div class=\"elementor-widget-container\">\n\t\t\t<style>\/*! elementor - v3.12.2 - 23-04-2023 *\/\n.elementor-widget-text-editor.elementor-drop-cap-view-stacked .elementor-drop-cap{background-color:#69727d;color:#fff}.elementor-widget-text-editor.elementor-drop-cap-view-framed .elementor-drop-cap{color:#69727d;border:3px solid;background-color:transparent}.elementor-widget-text-editor:not(.elementor-drop-cap-view-default) .elementor-drop-cap{margin-top:8px}.elementor-widget-text-editor:not(.elementor-drop-cap-view-default) .elementor-drop-cap-letter{width:1em;height:1em}.elementor-widget-text-editor .elementor-drop-cap{float:left;text-align:center;line-height:1;font-size:50px}.elementor-widget-text-editor .elementor-drop-cap-letter{display:inline-block}<\/style>\t\t\t\t<p><span class=\"ILfuVd NA6bn\" lang=\"en\"><span class=\"hgKElc\"><b>\u00a9<\/b><\/span><\/span> Jeune Pousse \u2013 2023 | Site web r\u00e9alis\u00e9 par <strong><span style=\"color: #ffffff;\"><a style=\"color: #ffffff;\" href=\"https:\/\/celinebacho.com\" target=\"_blank\" rel=\"noopener\">C\u00e9line Bacho<\/a><\/span><\/strong><\/p>\t\t\t\t\t\t<\/div>\n\t\t\t\t<\/div>\n\t\t\t\t\t<\/div>\n\t\t<\/div>\n\t\t\t\t\t\t\t<\/div>\n\t\t<\/section>\n\t\t\t\t\t\t\t<\/div>\n\t\t","protected":false},"excerpt":{"rendered":"<p>Psychomotricit\u00e9 Maraicher \u00a9 Jeune Pousse \u2013 2023 | Site web r\u00e9alis\u00e9 par C\u00e9line Bacho<\/p>\n","protected":false},"author":1,"featured_media":0,"parent":0,"menu_order":0,"comment_status":"closed","ping_status":"closed","template":"elementor_canvas","meta":{"footnotes":""},"class_list":["post-28","page","type-page","status-publish","hentry"],"yoast_head":"<!-- This site is optimized with the Yoast SEO plugin v20.5 - https:\/\/yoast.com\/wordpress\/plugins\/seo\/ -->\n<title>Jeune Pousse - Psychomotricit\u00e9 &amp; Maraicher<\/title>\n<meta name=\"description\" content=\"Psychomotricit\u00e9 - Mons - Marie Rosar, psychomotricienne depuis 2009 - Boulevard Sainctelette, 447000 Mons. Maraicher - Jean-Pierre Estievenart.\" \/>\n<meta name=\"robots\" content=\"index, follow, max-snippet:-1, max-image-preview:large, max-video-preview:-1\" \/>\n<link rel=\"canonical\" href=\"https:\/\/jeunepousse.be\/\" \/>\n<meta property=\"og:locale\" content=\"fr_FR\" \/>\n<meta property=\"og:type\" content=\"article\" \/>\n<meta property=\"og:title\" content=\"Jeune Pousse - Psychomotricit\u00e9 &amp; Maraicher\" \/>\n<meta property=\"og:description\" content=\"Psychomotricit\u00e9 - Mons - Marie Rosar, psychomotricienne depuis 2009 - Boulevard Sainctelette, 447000 Mons. Maraicher - Jean-Pierre Estievenart.\" \/>\n<meta property=\"og:url\" content=\"https:\/\/jeunepousse.be\/\" \/>\n<meta property=\"og:site_name\" content=\"Jeune Pousse\" \/>\n<meta property=\"article:publisher\" content=\"https:\/\/www.facebook.com\/jeunepoussepsymot\" \/>\n<meta property=\"article:modified_time\" content=\"2023-03-27T09:49:49+00:00\" \/>\n<meta property=\"og:image\" content=\"https:\/\/jeunepousse.be\/wp-content\/uploads\/2023\/03\/LOGOJEUNEPOUSSE_PS-1-785x1024.png\" \/>\n<meta name=\"twitter:card\" content=\"summary_large_image\" \/>\n<meta name=\"twitter:label1\" content=\"Dur\u00e9e de lecture estim\u00e9e\" \/>\n\t<meta name=\"twitter:data1\" content=\"1 minute\" \/>\n<script type=\"application\/ld+json\" class=\"yoast-schema-graph\">{\"@context\":\"https:\/\/schema.org\",\"@graph\":[{\"@type\":\"WebPage\",\"@id\":\"https:\/\/jeunepousse.be\/\",\"url\":\"https:\/\/jeunepousse.be\/\",\"name\":\"Jeune Pousse - Psychomotricit\u00e9 & Maraicher\",\"isPartOf\":{\"@id\":\"https:\/\/jeunepousse.be\/#website\"},\"datePublished\":\"2023-03-27T09:18:53+00:00\",\"dateModified\":\"2023-03-27T09:49:49+00:00\",\"description\":\"Psychomotricit\u00e9 - Mons - Marie Rosar, psychomotricienne depuis 2009 - Boulevard Sainctelette, 447000 Mons. Maraicher - Jean-Pierre Estievenart.\",\"breadcrumb\":{\"@id\":\"https:\/\/jeunepousse.be\/#breadcrumb\"},\"inLanguage\":\"fr-FR\",\"potentialAction\":[{\"@type\":\"ReadAction\",\"target\":[\"https:\/\/jeunepousse.be\/\"]}]},{\"@type\":\"BreadcrumbList\",\"@id\":\"https:\/\/jeunepousse.be\/#breadcrumb\",\"itemListElement\":[{\"@type\":\"ListItem\",\"position\":1,\"name\":\"Accueil\",\"item\":\"https:\/\/jeunepousse.be\/\"},{\"@type\":\"ListItem\",\"position\":2,\"name\":\"Accueil\"}]},{\"@type\":\"WebSite\",\"@id\":\"https:\/\/jeunepousse.be\/#website\",\"url\":\"https:\/\/jeunepousse.be\/\",\"name\":\"Jeune Pousse\",\"description\":\"Psychomotricit\u00e9 et Maraicher\",\"publisher\":{\"@id\":\"https:\/\/jeunepousse.be\/#organization\"},\"potentialAction\":[{\"@type\":\"SearchAction\",\"target\":{\"@type\":\"EntryPoint\",\"urlTemplate\":\"https:\/\/jeunepousse.be\/?s={search_term_string}\"},\"query-input\":\"required name=search_term_string\"}],\"inLanguage\":\"fr-FR\"},{\"@type\":\"Organization\",\"@id\":\"https:\/\/jeunepousse.be\/#organization\",\"name\":\"Jeune Pousse\",\"url\":\"https:\/\/jeunepousse.be\/\",\"logo\":{\"@type\":\"ImageObject\",\"inLanguage\":\"fr-FR\",\"@id\":\"https:\/\/jeunepousse.be\/#\/schema\/logo\/image\/\",\"url\":\"https:\/\/jeunepousse.be\/wp-content\/uploads\/2023\/03\/facebook_profil_Plan-de-travail-1.png\",\"contentUrl\":\"https:\/\/jeunepousse.be\/wp-content\/uploads\/2023\/03\/facebook_profil_Plan-de-travail-1.png\",\"width\":375,\"height\":375,\"caption\":\"Jeune Pousse\"},\"image\":{\"@id\":\"https:\/\/jeunepousse.be\/#\/schema\/logo\/image\/\"},\"sameAs\":[\"https:\/\/www.facebook.com\/jeunepoussepsymot\"]}]}<\/script>\n<!-- \/ Yoast SEO plugin. -->","yoast_head_json":{"title":"Jeune Pousse - Psychomotricit\u00e9 & Maraicher","description":"Psychomotricit\u00e9 - Mons - Marie Rosar, psychomotricienne depuis 2009 - Boulevard Sainctelette, 447000 Mons. Maraicher - Jean-Pierre Estievenart.","robots":{"index":"index","follow":"follow","max-snippet":"max-snippet:-1","max-image-preview":"max-image-preview:large","max-video-preview":"max-video-preview:-1"},"canonical":"https:\/\/jeunepousse.be\/","og_locale":"fr_FR","og_type":"article","og_title":"Jeune Pousse - Psychomotricit\u00e9 & Maraicher","og_description":"Psychomotricit\u00e9 - Mons - Marie Rosar, psychomotricienne depuis 2009 - Boulevard Sainctelette, 447000 Mons. Maraicher - Jean-Pierre Estievenart.","og_url":"https:\/\/jeunepousse.be\/","og_site_name":"Jeune Pousse","article_publisher":"https:\/\/www.facebook.com\/jeunepoussepsymot","article_modified_time":"2023-03-27T09:49:49+00:00","og_image":[{"url":"https:\/\/jeunepousse.be\/wp-content\/uploads\/2023\/03\/LOGOJEUNEPOUSSE_PS-1-785x1024.png"}],"twitter_card":"summary_large_image","twitter_misc":{"Dur\u00e9e de lecture estim\u00e9e":"1 minute"},"schema":{"@context":"https:\/\/schema.org","@graph":[{"@type":"WebPage","@id":"https:\/\/jeunepousse.be\/","url":"https:\/\/jeunepousse.be\/","name":"Jeune Pousse - Psychomotricit\u00e9 & Maraicher","isPartOf":{"@id":"https:\/\/jeunepousse.be\/#website"},"datePublished":"2023-03-27T09:18:53+00:00","dateModified":"2023-03-27T09:49:49+00:00","description":"Psychomotricit\u00e9 - Mons - Marie Rosar, psychomotricienne depuis 2009 - Boulevard Sainctelette, 447000 Mons. Maraicher - Jean-Pierre Estievenart.","breadcrumb":{"@id":"https:\/\/jeunepousse.be\/#breadcrumb"},"inLanguage":"fr-FR","potentialAction":[{"@type":"ReadAction","target":["https:\/\/jeunepousse.be\/"]}]},{"@type":"BreadcrumbList","@id":"https:\/\/jeunepousse.be\/#breadcrumb","itemListElement":[{"@type":"ListItem","position":1,"name":"Accueil","item":"https:\/\/jeunepousse.be\/"},{"@type":"ListItem","position":2,"name":"Accueil"}]},{"@type":"WebSite","@id":"https:\/\/jeunepousse.be\/#website","url":"https:\/\/jeunepousse.be\/","name":"Jeune Pousse","description":"Psychomotricit\u00e9 et Maraicher","publisher":{"@id":"https:\/\/jeunepousse.be\/#organization"},"potentialAction":[{"@type":"SearchAction","target":{"@type":"EntryPoint","urlTemplate":"https:\/\/jeunepousse.be\/?s={search_term_string}"},"query-input":"required name=search_term_string"}],"inLanguage":"fr-FR"},{"@type":"Organization","@id":"https:\/\/jeunepousse.be\/#organization","name":"Jeune Pousse","url":"https:\/\/jeunepousse.be\/","logo":{"@type":"ImageObject","inLanguage":"fr-FR","@id":"https:\/\/jeunepousse.be\/#\/schema\/logo\/image\/","url":"https:\/\/jeunepousse.be\/wp-content\/uploads\/2023\/03\/facebook_profil_Plan-de-travail-1.png","contentUrl":"https:\/\/jeunepousse.be\/wp-content\/uploads\/2023\/03\/facebook_profil_Plan-de-travail-1.png","width":375,"height":375,"caption":"Jeune Pousse"},"image":{"@id":"https:\/\/jeunepousse.be\/#\/schema\/logo\/image\/"},"sameAs":["https:\/\/www.facebook.com\/jeunepoussepsymot"]}]}},"_links":{"self":[{"href":"https:\/\/jeunepousse.be\/index.php\/wp-json\/wp\/v2\/pages\/28","targetHints":{"allow":["GET"]}}],"collection":[{"href":"https:\/\/jeunepousse.be\/index.php\/wp-json\/wp\/v2\/pages"}],"about":[{"href":"https:\/\/jeunepousse.be\/index.php\/wp-json\/wp\/v2\/types\/page"}],"author":[{"embeddable":true,"href":"https:\/\/jeunepousse.be\/index.php\/wp-json\/wp\/v2\/users\/1"}],"replies":[{"embeddable":true,"href":"https:\/\/jeunepousse.be\/index.php\/wp-json\/wp\/v2\/comments?post=28"}],"version-history":[{"count":17,"href":"https:\/\/jeunepousse.be\/index.php\/wp-json\/wp\/v2\/pages\/28\/revisions"}],"predecessor-version":[{"id":51,"href":"https:\/\/jeunepousse.be\/index.php\/wp-json\/wp\/v2\/pages\/28\/revisions\/51"}],"wp:attachment":[{"href":"https:\/\/jeunepousse.be\/index.php\/wp-json\/wp\/v2\/media?parent=28"}],"curies":[{"name":"wp","href":"https:\/\/api.w.org\/{rel}","templated":true}]}}